{"id":22,"date":"2018-02-06T10:42:12","date_gmt":"2018-02-06T10:42:12","guid":{"rendered":"https:\/\/kristinavogel-ps.plutus.media\/index.php\/about\/"},"modified":"2020-09-29T17:13:54","modified_gmt":"2020-09-29T17:13:54","slug":"meine-geschichte","status":"publish","type":"page","link":"https:\/\/kristinavogel-ps.plutus.media\/index.php\/meine-geschichte\/","title":{"rendered":"Meine Geschichte"},"content":{"rendered":"\t\t<div data-elementor-type=\"wp-post\" data-elementor-id=\"22\" class=\"elementor elementor-22\" data-elementor-settings=\"[]\">\n\t\t\t\t\t\t<div class=\"elementor-inner\">\n\t\t\t\t\t\t\t<div class=\"elementor-section-wrap\">\n\t\t\t\t\t\t\t<section class=\"elementor-section elementor-top-section elementor-element elementor-element-7314e47 elementor-section-content-bottom elementor-section-boxed elementor-section-height-default elementor-section-height-default\" data-id=\"7314e47\" data-element_type=\"section\" data-settings=\"{&quot;background_background&quot;:&quot;classic&quot;}\">\n\t\t\t\t\t\t\t<div class=\"elementor-background-overlay\"><\/div>\n\t\t\t\t\t\t\t<div class=\"elementor-container elementor-column-gap-extended\">\n\t\t\t\t\t\t\t<div class=\"elementor-row\">\n\t\t\t\t\t<div class=\"elementor-column elementor-col-100 elementor-top-column elementor-element elementor-element-4dd9d08\" data-id=\"4dd9d08\" data-element_type=\"column\">\n\t\t\t<div class=\"elementor-column-wrap elementor-element-populated\">\n\t\t\t\t\t\t\t<div class=\"elementor-widget-wrap\">\n\t\t\t\t\t\t<div class=\"elementor-element elementor-element-9016604 elementor-widget elementor-widget-heading\" data-id=\"9016604\" data-element_type=\"widget\" data-widget_type=\"heading.default\">\n\t\t\t\t<div class=\"elementor-widget-container\">\n\t\t\t<h1 class=\"elementor-heading-title elementor-size-default\">Die Geschichte von Kristina Vogel<\/h1>\t\t<\/div>\n\t\t\t\t<\/div>\n\t\t\t\t\t\t<\/div>\n\t\t\t\t\t<\/div>\n\t\t<\/div>\n\t\t\t\t\t\t\t\t<\/div>\n\t\t\t\t\t<\/div>\n\t\t<\/section>\n\t\t\t\t<section class=\"elementor-section elementor-top-section elementor-element elementor-element-4eb72ed elementor-section-content-middle elementor-section-boxed elementor-section-height-default elementor-section-height-default\" data-id=\"4eb72ed\" data-element_type=\"section\">\n\t\t\t\t\t\t<div class=\"elementor-container elementor-column-gap-extended\">\n\t\t\t\t\t\t\t<div class=\"elementor-row\">\n\t\t\t\t\t<div class=\"elementor-column elementor-col-100 elementor-top-column elementor-element elementor-element-a5ec633\" data-id=\"a5ec633\" data-element_type=\"column\">\n\t\t\t<div class=\"elementor-column-wrap elementor-element-populated\">\n\t\t\t\t\t\t\t<div class=\"elementor-widget-wrap\">\n\t\t\t\t\t\t<div class=\"elementor-element elementor-element-f450392 elementor-widget elementor-widget-heading\" data-id=\"f450392\" data-element_type=\"widget\" data-widget_type=\"heading.default\">\n\t\t\t\t<div class=\"elementor-widget-container\">\n\t\t\t<h2 class=\"elementor-heading-title elementor-size-default\">Meine Geschichte<\/h2>\t\t<\/div>\n\t\t\t\t<\/div>\n\t\t\t\t<section class=\"elementor-section elementor-inner-section elementor-element elementor-element-e154ff3 elementor-section-content-top elementor-section-boxed elementor-section-height-default elementor-section-height-default\" data-id=\"e154ff3\" data-element_type=\"section\">\n\t\t\t\t\t\t<div class=\"elementor-container elementor-column-gap-no\">\n\t\t\t\t\t\t\t<div class=\"elementor-row\">\n\t\t\t\t\t<div class=\"elementor-column elementor-col-50 elementor-inner-column elementor-element elementor-element-609627a\" data-id=\"609627a\" data-element_type=\"column\">\n\t\t\t<div class=\"elementor-column-wrap elementor-element-populated\">\n\t\t\t\t\t\t\t<div class=\"elementor-widget-wrap\">\n\t\t\t\t\t\t<div class=\"elementor-element elementor-element-1e62267f elementor-widget elementor-widget-text-editor\" data-id=\"1e62267f\" data-element_type=\"widget\" data-widget_type=\"text-editor.default\">\n\t\t\t\t<div class=\"elementor-widget-container\">\n\t\t\t\t\t<div class=\"elementor-text-editor elementor-clearfix\"><p>Kristina Vogel wurde am 10.November 1990 in Leninskoje, im heutigen Kirgiststan geboren. Als Russlanddeutsche kam sie im Alter von sechs Monaten nach Deutschland. Aufgewachsen im th\u00fcringischen Erfurt entdeckte sie mit 10 Jahren ihre Leidenschaft f\u00fcr den Radsport. Ihr Sportger\u00e4t aus eigener Kraft mit hoher Geschwindigkeit zu bewegen, faszinierte sie bereits im Kindesalter. Mit 17 Jahren gelangen Kristina Vogel, die f\u00fcr den RSC Turbine Erfurt startete, die ersten Erfolge. Bei den Junioren wurde sie zweifache Europameisterin und dreifache Weltmeisterin. Dass Kristina Vogel ein besonderes Talent besitzt war den Experten schon zu dieser Zeit klar.<\/p><\/div>\n\t\t\t\t<\/div>\n\t\t\t\t<\/div>\n\t\t\t\t<div class=\"elementor-element elementor-element-dea32de elementor-widget elementor-widget-text-editor\" data-id=\"dea32de\" data-element_type=\"widget\" data-widget_type=\"text-editor.default\">\n\t\t\t\t<div class=\"elementor-widget-container\">\n\t\t\t\t\t<div class=\"elementor-text-editor elementor-clearfix\"><p>2009 der erste R\u00fcckschlag. Auf einer Trainingsfahrt auf der Stra\u00dfe wird sie von einem Kleintransporter erfasst. Kristina Vogel erleidet einen doppelten Kieferbruch, Br\u00fcche an der Halswirbels\u00e4ule und an den Handwurzelknochen. Die Erfurterin hat Gl\u00fcck und will so schnell es geht wieder aufs Rad. Der unb\u00e4ndige Wille der 19j\u00e4hrigen l\u00e4sst sie st\u00e4rker zur\u00fcckkommen als sie vorher war. 2010 feiert sie ihr Comeback auf der Radrennbahn, gewinnt ihren ersten Weltcup, zwei Jahre sp\u00e4ter ihren ersten Weltmeistertitel. Wo Kristina Vogel an den Start geht, ist sie die Gejagte. Ihre Rennen bei den Olympischen Spielen sind legend\u00e4r. 2012 feierte sie mit ihrer Partnerin Miriam Welte den Olympiasieg im Teamsprint. Die beiden Deutschen waren damit die ersten Olympiasieger in dieser Disziplin, die neu ins Programm der Olympischen Spiele aufgenommen wurde.<\/p><\/div>\n\t\t\t\t<\/div>\n\t\t\t\t<\/div>\n\t\t\t\t\t\t<\/div>\n\t\t\t\t\t<\/div>\n\t\t<\/div>\n\t\t\t\t<div class=\"elementor-column elementor-col-50 elementor-inner-column elementor-element elementor-element-993c614\" data-id=\"993c614\" data-element_type=\"column\">\n\t\t\t<div class=\"elementor-column-wrap elementor-element-populated\">\n\t\t\t\t\t\t\t<div class=\"elementor-widget-wrap\">\n\t\t\t\t\t\t<div class=\"elementor-element elementor-element-c721590 elementor-widget elementor-widget-text-editor\" data-id=\"c721590\" data-element_type=\"widget\" data-widget_type=\"text-editor.default\">\n\t\t\t\t<div class=\"elementor-widget-container\">\n\t\t\t\t\t<div class=\"elementor-text-editor elementor-clearfix\"><p class=\"TextA\">Bei den Olympischen Spielen 2016 in Rio de Janeiro sorgte sie als \u201eOlympiasiegerin ohne Sattel\u201c f\u00fcr Schlagzeilen. Im Sprintwettbewerb verlor sie im entscheidenden Zielsprint beim sogenannten \u201eTigersprung\u201c ihren Sattel und gewann Olympisches Gold, als erste Deutsche in der olympischen Geschichte. 2018 kr\u00f6nt sich Kristina Vogel zur erfolgreichsten Bahnradsportlerin der Welt. Im niederl\u00e4ndischen Appeldoorn wird sie zweifache Weltmeisterin. Insgesamt 11 Weltmeistertitel hat sie nun, genauso viele wie die Australierin Anna Meares. Ein Rekord f\u00fcr die Ewigkeit und der letzte f\u00fcr die Erfurter Ausnahmesportlerin. Wenige Wochen sp\u00e4ter ist Kristina Vogel querschnittgel\u00e4hmt. Ein Trainingsunfall auf der Radrennbahn in Cottbus durchtrennt ihr das R\u00fcckenmark. Mehrere Wochen k\u00e4mpft Kristina Vogel auf der Intensivstation ums \u00dcberleben. Mit ihrem starken Willen und ihrer Zuversicht arbeitet sie sich zur\u00fcck ins Leben und wird mit ihrer ansteckenden Energie zum Vorbild f\u00fcr Menschen mit \u00e4hnlichen Schicksalsschl\u00e4gen.<\/p><\/div>\n\t\t\t\t<\/div>\n\t\t\t\t<\/div>\n\t\t\t\t<div class=\"elementor-element elementor-element-d12df4e elementor-widget elementor-widget-text-editor\" data-id=\"d12df4e\" data-element_type=\"widget\" data-widget_type=\"text-editor.default\">\n\t\t\t\t<div class=\"elementor-widget-container\">\n\t\t\t\t\t<div class=\"elementor-text-editor elementor-clearfix\"><section class=\"jtpl-section-main content-options-box cc-content-parent\">\n<div class=\"jtpl-section-main__inner alignment-options cc-content-parent\">\n<div class=\"jtpl-content content-options-inner cc-content-parent\">\n<div id=\"content_area\" data-container=\"content\">\n<div id=\"cc-matrix-678579711\">\n<div id=\"cc-m-13834107827\" class=\"j-module n j-text \">\n<p class=\"TextA\">Das Leben im Rollstuhl hat Kristina Vogel nicht nur Einschr\u00e4nkungen gebracht, sondern auch viele&nbsp; neue M\u00f6glichkeiten. Als Mitglied des Erfurter Stadtrats setzt sie sich f\u00fcr ihre Heimatstadt auch politisch ein. Mit dem Sport ist sie nach wie vor eng verbunden, so ist sie unter anderem Botschafterin f\u00fcr die Bahnrad Weltmeisterschaften 2020 in Berlin.&nbsp;<\/p><\/div><\/div><\/div><\/div><\/div><\/section><\/div>\n\t\t\t\t<\/div>\n\t\t\t\t<\/div>\n\t\t\t\t\t\t<\/div>\n\t\t\t\t\t<\/div>\n\t\t<\/div>\n\t\t\t\t\t\t\t\t<\/div>\n\t\t\t\t\t<\/div>\n\t\t<\/section>\n\t\t\t\t\t\t<\/div>\n\t\t\t\t\t<\/div>\n\t\t<\/div>\n\t\t\t\t\t\t\t\t<\/div>\n\t\t\t\t\t<\/div>\n\t\t<\/section>\n\t\t\t\t<section class=\"elementor-section elementor-top-section elementor-element elementor-element-4eb9214d elementor-section-content-middle elementor-section-boxed elementor-section-height-default elementor-section-height-default\" data-id=\"4eb9214d\" data-element_type=\"section\">\n\t\t\t\t\t\t<div class=\"elementor-container elementor-column-gap-extended\">\n\t\t\t\t\t\t\t<div class=\"elementor-row\">\n\t\t\t\t\t<div class=\"elementor-column elementor-col-100 elementor-top-column elementor-element elementor-element-5b890406\" data-id=\"5b890406\" data-element_type=\"column\">\n\t\t\t<div class=\"elementor-column-wrap elementor-element-populated\">\n\t\t\t\t\t\t\t<div class=\"elementor-widget-wrap\">\n\t\t\t\t\t\t<div class=\"elementor-element elementor-element-3d90761a elementor-widget elementor-widget-heading\" data-id=\"3d90761a\" data-element_type=\"widget\" data-widget_type=\"heading.default\">\n\t\t\t\t<div class=\"elementor-widget-container\">\n\t\t\t<h2 class=\"elementor-heading-title elementor-size-default\">Sprecherin f\u00fcr Ihre Veranstaltung<\/h2>\t\t<\/div>\n\t\t\t\t<\/div>\n\t\t\t\t<div class=\"elementor-element elementor-element-1978099f elementor-align-center elementor-widget elementor-widget-button\" data-id=\"1978099f\" data-element_type=\"widget\" data-widget_type=\"button.default\">\n\t\t\t\t<div class=\"elementor-widget-container\">\n\t\t\t\t\t<div class=\"elementor-button-wrapper\">\n\t\t\t<a href=\"https:\/\/premium-speakers.com\/de\/referent-moderator\/kristina-vogel\/\" class=\"elementor-button-link elementor-button elementor-size-sm\" role=\"button\">\n\t\t\t\t\t\t<span class=\"elementor-button-content-wrapper\">\n\t\t\t\t\t\t<span class=\"elementor-button-text\">Exklusiv bei Premium Speakers anfragen<\/span>\n\t\t<\/span>\n\t\t\t\t\t<\/a>\n\t\t<\/div>\n\t\t\t\t<\/div>\n\t\t\t\t<\/div>\n\t\t\t\t<section class=\"elementor-section elementor-inner-section elementor-element elementor-element-6ebf37b7 elementor-section-content-middle elementor-section-boxed elementor-section-height-default elementor-section-height-default\" data-id=\"6ebf37b7\" data-element_type=\"section\">\n\t\t\t\t\t\t<div class=\"elementor-container elementor-column-gap-default\">\n\t\t\t\t\t\t\t<div class=\"elementor-row\">\n\t\t\t\t\t<div class=\"elementor-column elementor-col-25 elementor-inner-column elementor-element elementor-element-78e59e1e\" data-id=\"78e59e1e\" data-element_type=\"column\" data-settings=\"{&quot;background_background&quot;:&quot;classic&quot;}\">\n\t\t\t<div class=\"elementor-column-wrap elementor-element-populated\">\n\t\t\t\t\t\t\t<div class=\"elementor-widget-wrap\">\n\t\t\t\t\t\t<div class=\"elementor-element elementor-element-783e345 elementor-widget-divider--view-line elementor-widget elementor-widget-divider\" data-id=\"783e345\" data-element_type=\"widget\" data-widget_type=\"divider.default\">\n\t\t\t\t<div class=\"elementor-widget-container\">\n\t\t\t\t\t<div class=\"elementor-divider\">\n\t\t\t<span class=\"elementor-divider-separator\">\n\t\t\t\t\t\t<\/span>\n\t\t<\/div>\n\t\t\t\t<\/div>\n\t\t\t\t<\/div>\n\t\t\t\t<div class=\"elementor-element elementor-element-6f4fe4e8 elementor-widget elementor-widget-heading\" data-id=\"6f4fe4e8\" data-element_type=\"widget\" data-widget_type=\"heading.default\">\n\t\t\t\t<div class=\"elementor-widget-container\">\n\t\t\t<h2 class=\"elementor-heading-title elementor-size-default\">Kristina Vogel: <br>Steh Auf\n<\/h2>\t\t<\/div>\n\t\t\t\t<\/div>\n\t\t\t\t\t\t<\/div>\n\t\t\t\t\t<\/div>\n\t\t<\/div>\n\t\t\t\t<div class=\"elementor-column elementor-col-25 elementor-inner-column elementor-element elementor-element-245a7bd0\" data-id=\"245a7bd0\" data-element_type=\"column\" data-settings=\"{&quot;background_background&quot;:&quot;classic&quot;}\">\n\t\t\t<div class=\"elementor-column-wrap elementor-element-populated\">\n\t\t\t\t\t\t\t<div class=\"elementor-widget-wrap\">\n\t\t\t\t\t\t<div class=\"elementor-element elementor-element-70598ff3 elementor-widget-divider--view-line elementor-widget elementor-widget-divider\" data-id=\"70598ff3\" data-element_type=\"widget\" data-widget_type=\"divider.default\">\n\t\t\t\t<div class=\"elementor-widget-container\">\n\t\t\t\t\t<div class=\"elementor-divider\">\n\t\t\t<span class=\"elementor-divider-separator\">\n\t\t\t\t\t\t<\/span>\n\t\t<\/div>\n\t\t\t\t<\/div>\n\t\t\t\t<\/div>\n\t\t\t\t<div class=\"elementor-element elementor-element-5ed2bbac elementor-widget elementor-widget-heading\" data-id=\"5ed2bbac\" data-element_type=\"widget\" data-widget_type=\"heading.default\">\n\t\t\t\t<div class=\"elementor-widget-container\">\n\t\t\t<h2 class=\"elementor-heading-title elementor-size-default\">Neustart. Und alles ist anders.<\/h2>\t\t<\/div>\n\t\t\t\t<\/div>\n\t\t\t\t\t\t<\/div>\n\t\t\t\t\t<\/div>\n\t\t<\/div>\n\t\t\t\t<div class=\"elementor-column elementor-col-25 elementor-inner-column elementor-element elementor-element-3267646b\" data-id=\"3267646b\" data-element_type=\"column\" data-settings=\"{&quot;background_background&quot;:&quot;classic&quot;}\">\n\t\t\t<div class=\"elementor-column-wrap elementor-element-populated\">\n\t\t\t\t\t\t\t<div class=\"elementor-widget-wrap\">\n\t\t\t\t\t\t<div class=\"elementor-element elementor-element-78d70e85 elementor-widget-divider--view-line elementor-widget elementor-widget-divider\" data-id=\"78d70e85\" data-element_type=\"widget\" data-widget_type=\"divider.default\">\n\t\t\t\t<div class=\"elementor-widget-container\">\n\t\t\t\t\t<div class=\"elementor-divider\">\n\t\t\t<span class=\"elementor-divider-separator\">\n\t\t\t\t\t\t<\/span>\n\t\t<\/div>\n\t\t\t\t<\/div>\n\t\t\t\t<\/div>\n\t\t\t\t<div class=\"elementor-element elementor-element-6f935c5f elementor-widget elementor-widget-heading\" data-id=\"6f935c5f\" data-element_type=\"widget\" data-widget_type=\"heading.default\">\n\t\t\t\t<div class=\"elementor-widget-container\">\n\t\t\t<h2 class=\"elementor-heading-title elementor-size-default\">Anderes Leben <br>Neue Chancen<\/h2>\t\t<\/div>\n\t\t\t\t<\/div>\n\t\t\t\t\t\t<\/div>\n\t\t\t\t\t<\/div>\n\t\t<\/div>\n\t\t\t\t<div class=\"elementor-column elementor-col-25 elementor-inner-column elementor-element elementor-element-64912572\" data-id=\"64912572\" data-element_type=\"column\" data-settings=\"{&quot;background_background&quot;:&quot;classic&quot;}\">\n\t\t\t<div class=\"elementor-column-wrap elementor-element-populated\">\n\t\t\t\t\t\t\t<div class=\"elementor-widget-wrap\">\n\t\t\t\t\t\t<div class=\"elementor-element elementor-element-37884542 elementor-widget-divider--view-line elementor-widget elementor-widget-divider\" data-id=\"37884542\" data-element_type=\"widget\" data-widget_type=\"divider.default\">\n\t\t\t\t<div class=\"elementor-widget-container\">\n\t\t\t\t\t<div class=\"elementor-divider\">\n\t\t\t<span class=\"elementor-divider-separator\">\n\t\t\t\t\t\t<\/span>\n\t\t<\/div>\n\t\t\t\t<\/div>\n\t\t\t\t<\/div>\n\t\t\t\t<div class=\"elementor-element elementor-element-6cd072e9 elementor-widget elementor-widget-heading\" data-id=\"6cd072e9\" data-element_type=\"widget\" data-widget_type=\"heading.default\">\n\t\t\t\t<div class=\"elementor-widget-container\">\n\t\t\t<h2 class=\"elementor-heading-title elementor-size-default\">Lieber Querschnitt als Durchschnitt<\/h2>\t\t<\/div>\n\t\t\t\t<\/div>\n\t\t\t\t\t\t<\/div>\n\t\t\t\t\t<\/div>\n\t\t<\/div>\n\t\t\t\t\t\t\t\t<\/div>\n\t\t\t\t\t<\/div>\n\t\t<\/section>\n\t\t\t\t<section class=\"elementor-section elementor-inner-section elementor-element elementor-element-7f94447b elementor-section-content-top elementor-reverse-mobile elementor-section-boxed elementor-section-height-default elementor-section-height-default\" data-id=\"7f94447b\" data-element_type=\"section\">\n\t\t\t\t\t\t<div class=\"elementor-container elementor-column-gap-default\">\n\t\t\t\t\t\t\t<div class=\"elementor-row\">\n\t\t\t\t\t<div class=\"elementor-column elementor-col-33 elementor-inner-column elementor-element elementor-element-22be9c67\" data-id=\"22be9c67\" data-element_type=\"column\" data-settings=\"{&quot;background_background&quot;:&quot;classic&quot;}\">\n\t\t\t<div class=\"elementor-column-wrap elementor-element-populated\">\n\t\t\t\t\t\t\t<div class=\"elementor-widget-wrap\">\n\t\t\t\t\t\t<div class=\"elementor-element elementor-element-1a959577 elementor-widget elementor-widget-heading\" data-id=\"1a959577\" data-element_type=\"widget\" data-widget_type=\"heading.default\">\n\t\t\t\t<div class=\"elementor-widget-container\">\n\t\t\t<h2 class=\"elementor-heading-title elementor-size-default\">Autogrammkarte?<\/h2>\t\t<\/div>\n\t\t\t\t<\/div>\n\t\t\t\t<div class=\"elementor-element elementor-element-7fd917a5 elementor-widget elementor-widget-text-editor\" data-id=\"7fd917a5\" data-element_type=\"widget\" data-widget_type=\"text-editor.default\">\n\t\t\t\t<div class=\"elementor-widget-container\">\n\t\t\t\t\t<div class=\"elementor-text-editor elementor-clearfix\"><p>M\u00f6chtest Du eine Autogrammkarte? Gerne! Dann schicke einen frankierten Briefumschlag mit deiner Adresse an:<\/p><\/div>\n\t\t\t\t<\/div>\n\t\t\t\t<\/div>\n\t\t\t\t<div class=\"elementor-element elementor-element-6949cd93 elementor-widget elementor-widget-text-editor\" data-id=\"6949cd93\" data-element_type=\"widget\" data-widget_type=\"text-editor.default\">\n\t\t\t\t<div class=\"elementor-widget-container\">\n\t\t\t\t\t<div class=\"elementor-text-editor elementor-clearfix\"><p>TeamSpirit GmbH<\/p><p>Stichwort: Kristina Vogel<\/p><p>Riethstra\u00dfe 29a<\/p><p>99089 Erfurt<\/p><p>Germany<\/p><\/div>\n\t\t\t\t<\/div>\n\t\t\t\t<\/div>\n\t\t\t\t\t\t<\/div>\n\t\t\t\t\t<\/div>\n\t\t<\/div>\n\t\t\t\t<div class=\"elementor-column elementor-col-33 elementor-inner-column elementor-element elementor-element-578c48f5\" data-id=\"578c48f5\" data-element_type=\"column\" data-settings=\"{&quot;background_background&quot;:&quot;classic&quot;}\">\n\t\t\t<div class=\"elementor-column-wrap elementor-element-populated\">\n\t\t\t\t\t\t\t<div class=\"elementor-widget-wrap\">\n\t\t\t\t\t\t<div class=\"elementor-element elementor-element-56d3f504 elementor-widget elementor-widget-image\" data-id=\"56d3f504\" data-element_type=\"widget\" data-widget_type=\"image.default\">\n\t\t\t\t<div class=\"elementor-widget-container\">\n\t\t\t\t\t<div class=\"elementor-image\">\n\t\t\t\t\t\t\t\t\t\t<img width=\"500\" height=\"700\" src=\"https:\/\/kristinavogel-ps.plutus.media\/wp-content\/uploads\/2020\/02\/icon-03-free-img.png\" class=\"attachment-full size-full\" alt=\"\" loading=\"lazy\" srcset=\"https:\/\/kristinavogel-ps.plutus.media\/wp-content\/uploads\/2020\/02\/icon-03-free-img.png 500w, https:\/\/kristinavogel-ps.plutus.media\/wp-content\/uploads\/2020\/02\/icon-03-free-img-214x300.png 214w\" sizes=\"(max-width: 500px) 100vw, 500px\" \/>\t\t\t\t\t\t\t\t\t\t\t<\/div>\n\t\t\t\t<\/div>\n\t\t\t\t<\/div>\n\t\t\t\t\t\t<\/div>\n\t\t\t\t\t<\/div>\n\t\t<\/div>\n\t\t\t\t<div class=\"elementor-column elementor-col-33 elementor-inner-column elementor-element elementor-element-4169e004\" data-id=\"4169e004\" data-element_type=\"column\" data-settings=\"{&quot;background_background&quot;:&quot;classic&quot;}\">\n\t\t\t<div class=\"elementor-column-wrap elementor-element-populated\">\n\t\t\t\t\t\t\t<div class=\"elementor-widget-wrap\">\n\t\t\t\t\t\t<div class=\"elementor-element elementor-element-54244fd4 elementor-widget elementor-widget-heading\" data-id=\"54244fd4\" data-element_type=\"widget\" data-widget_type=\"heading.default\">\n\t\t\t\t<div class=\"elementor-widget-container\">\n\t\t\t<h3 class=\"elementor-heading-title elementor-size-default\">Kristina Vogel Management<\/h3>\t\t<\/div>\n\t\t\t\t<\/div>\n\t\t\t\t<div class=\"elementor-element elementor-element-779ba283 elementor-widget elementor-widget-text-editor\" data-id=\"779ba283\" data-element_type=\"widget\" data-widget_type=\"text-editor.default\">\n\t\t\t\t<div class=\"elementor-widget-container\">\n\t\t\t\t\t<div class=\"elementor-text-editor elementor-clearfix\"><p>Anfragen werden gerne beantwortet.\u00a0<span style=\"font-size: 16px;\">Wenden Sie sich hierbei bitte an mein Management:<\/span><\/p><div>TeamSpirit GmbH<\/div><div>Riethstra\u00dfe 29a<\/div><div>99089 Erfurt\u00a0<br \/>Deutschland<\/div><div>\u00a0<\/div><div><a title=\"mailto:kv@teamspirit-scg.com\" href=\"mailto:kv@teamspirit-scg.com\" data-wplink-edit=\"true\">kv(at)teamspirit-scg.com<\/a><\/div><\/div>\n\t\t\t\t<\/div>\n\t\t\t\t<\/div>\n\t\t\t\t<div class=\"elementor-element elementor-element-6790191a elementor-align-left elementor-widget elementor-widget-button\" data-id=\"6790191a\" data-element_type=\"widget\" data-widget_type=\"button.default\">\n\t\t\t\t<div class=\"elementor-widget-container\">\n\t\t\t\t\t<div class=\"elementor-button-wrapper\">\n\t\t\t<a href=\"mailto:kv@teamspirit-scg.com\" class=\"elementor-button-link elementor-button elementor-size-sm\" role=\"button\">\n\t\t\t\t\t\t<span class=\"elementor-button-content-wrapper\">\n\t\t\t\t\t\t<span class=\"elementor-button-text\">Jetzt anfragen<\/span>\n\t\t<\/span>\n\t\t\t\t\t<\/a>\n\t\t<\/div>\n\t\t\t\t<\/div>\n\t\t\t\t<\/div>\n\t\t\t\t\t\t<\/div>\n\t\t\t\t\t<\/div>\n\t\t<\/div>\n\t\t\t\t\t\t\t\t<\/div>\n\t\t\t\t\t<\/div>\n\t\t<\/section>\n\t\t\t\t\t\t<\/div>\n\t\t\t\t\t<\/div>\n\t\t<\/div>\n\t\t\t\t\t\t\t\t<\/div>\n\t\t\t\t\t<\/div>\n\t\t<\/section>\n\t\t\t\t\t\t<\/div>\n\t\t\t\t\t\t<\/div>\n\t\t\t\t\t<\/div>\n\t\t","protected":false},"excerpt":{"rendered":"<p>Die Geschichte von Kristina Vogel Meine Geschichte Kristina Vogel wurde am 10.November 1990 in Leninskoje, im heutigen Kirgiststan geboren. Als Russlanddeutsche kam sie im Alter von sechs Monaten nach Deutschland. Aufgewachsen im th\u00fcringischen Erfurt entdeckte sie mit 10 Jahren ihre Leidenschaft f\u00fcr den Radsport. Ihr Sportger\u00e4t aus eigener Kraft mit hoher Geschwindigkeit zu bewegen, faszinierte &hellip;<\/p>\n<p class=\"read-more\"> <a class=\"\" href=\"https:\/\/kristinavogel-ps.plutus.media\/index.php\/meine-geschichte\/\"> <span class=\"screen-reader-text\">Meine Geschichte<\/span> Weiterlesen &raquo;<\/a><\/p>\n","protected":false},"author":1,"featured_media":0,"parent":0,"menu_order":0,"comment_status":"closed","ping_status":"closed","template":"","meta":[],"_links":{"self":[{"href":"https:\/\/kristinavogel-ps.plutus.media\/index.php\/wp-json\/wp\/v2\/pages\/22"}],"collection":[{"href":"https:\/\/kristinavogel-ps.plutus.media\/index.php\/wp-json\/wp\/v2\/pages"}],"about":[{"href":"https:\/\/kristinavogel-ps.plutus.media\/index.php\/wp-json\/wp\/v2\/types\/page"}],"author":[{"embeddable":true,"href":"https:\/\/kristinavogel-ps.plutus.media\/index.php\/wp-json\/wp\/v2\/users\/1"}],"replies":[{"embeddable":true,"href":"https:\/\/kristinavogel-ps.plutus.media\/index.php\/wp-json\/wp\/v2\/comments?post=22"}],"version-history":[{"count":10,"href":"https:\/\/kristinavogel-ps.plutus.media\/index.php\/wp-json\/wp\/v2\/pages\/22\/revisions"}],"predecessor-version":[{"id":463,"href":"https:\/\/kristinavogel-ps.plutus.media\/index.php\/wp-json\/wp\/v2\/pages\/22\/revisions\/463"}],"wp:attachment":[{"href":"https:\/\/kristinavogel-ps.plutus.media\/index.php\/wp-json\/wp\/v2\/media?parent=22"}],"curies":[{"name":"wp","href":"https:\/\/api.w.org\/{rel}","templated":true}]}}